{"id":2,"date":"2020-03-07T09:20:17","date_gmt":"2020-03-07T08:20:17","guid":{"rendered":"http:\/\/cabinetmedicaloctroi.fr\/?page_id=2"},"modified":"2024-01-22T16:39:53","modified_gmt":"2024-01-22T15:39:53","slug":"teleconsultation","status":"publish","type":"page","link":"https:\/\/cabinetmedicaloctroi.fr\/index.php\/teleconsultation\/","title":{"rendered":"T\u00e9l\u00e9consultation"},"content":{"rendered":"\n<h3 class=\"wp-block-heading\">Limite<\/h3>\n\n\n\n<p>La t\u00e9l\u00e9m\u00e9decine ne permet pas une bonne prise en charge m\u00e9dicale. Elle limite l&rsquo;examen. Elle est source d&rsquo;erreur et d&rsquo;omission. Rien ne remplace l&rsquo;\u0153il exerc\u00e9 du m\u00e9decin et son examen clinique. <\/p>\n\n\n\n<p>Votre m\u00e9decin n&rsquo;est pas un partisan de la t\u00e9l\u00e9m\u00e9decine mais reconna\u00eet son utilit\u00e9 dans certains cas <\/p>\n\n\n\n<p>Dans ce contexte, au cas par cas, sur proposition du m\u00e9decin et accord de votre part. Votre m\u00e9decin peut r\u00e9aliser une t\u00e9l\u00e9consultation.<\/p>\n\n\n\n<h3 class=\"wp-block-heading\">Pr\u00e9 requis<\/h3>\n\n\n\n<p>Cette page est d\u00e9di\u00e9 \u00e0 la t\u00e9l\u00e9consultation. Pour pouvoir l&rsquo;utiliser <strong>vous devez avoir convenu avec votre m\u00e9decin d&rsquo;une heure de rendez vous<\/strong>.<\/p>\n\n\n\n<p>Vous devez \u00eatre munie d&rsquo;un ordinateur <strong>\u00e9quip\u00e9 d&rsquo;un micro et d&rsquo;une webcam<\/strong> et du navigateur internet <strong><a href=\"https:\/\/www.google.fr\/chrome\/\">Chrome<\/a> ou <a href=\"https:\/\/www.mozilla.org\/fr\/firefox\/new\">Firefox<\/a><\/strong>.<\/p>\n\n\n\n<p>Si vous utilisez <strong>une tablette ou un smartphone<\/strong>, vous devez de t\u00e9l\u00e9charger pr\u00e9alablement l&rsquo;application de visioconf\u00e9rence <strong><a href=\"https:\/\/play.google.com\/store\/apps\/details?id=org.jitsi.meet&amp;hl=fr\">JITSI MEET<\/a><\/strong>.<\/p>\n\n\n\n<h3 class=\"wp-block-heading\">R\u00e9gler la consultation<\/h3>\n\n\n\n<p>Le prix de la t\u00e9l\u00e9consultation est <strong>pris en charge si vous \u00eates en ACS (CMU) , ALD ou invalid\u00e9<\/strong> <\/p>\n\n\n\n<div class=\"wp-block-group codesecu\"><div class=\"wp-block-group__inner-container is-layout-flow wp-block-group-is-layout-flow\">\n<h3 class=\"wp-block-heading\">Proc\u00e9dure de mise en relation<\/h3>\n\n\n\n<p>Vous allez devoir fournir <strong>votre num\u00e9ro de s\u00e9curit\u00e9 social<\/strong> (en entier, sans espace) dans l&rsquo;encadrer juste en dessous. une fois les 15 chiffres rentr\u00e9s, <strong>un bouton va apparaitre<\/strong>. <\/p>\n\n\n\n<p>En cliquant dessus <strong>une page de visioconf\u00e9rence<\/strong> va s&rsquo;ouvrir. Il vous faudra accepter d&rsquo;<strong>activer micro et cam\u00e9ra<\/strong>. Vous serez probablement <strong>seul au d\u00e9but de la visioconf\u00e9rence<\/strong>, le temps que le m\u00e9decin se connecte lui aussi. <\/p>\n\n\n\n<p><\/p><form>&nbsp;&nbsp;Num\u00e9ro de s\u00e9curit\u00e9 sociale (carte vitale) <input onchange=\"generateroom(this.value)\" oninput=\"generateroom(this.value)\" type=\"text\" maxlength=\"15\" placeholder=\"ici votre num\u00e9ro de securit\u00e9 social\" value=\"\"><br><a class=\"button blue\" id=\"framabutton\" style=\"visibility:hidden\" href=\"\" target=\"_self\" rel=\"noopener noreferrer\">D\u00e9marrer la t\u00e9l\u00e9consultation<\/a><\/form><p><\/p>\n<\/div><\/div>\n\n\n\n<div class=\"wp-block-group jistiiframe\"><div class=\"wp-block-group__inner-container is-layout-flow wp-block-group-is-layout-flow\">\n<script type=\"text\/javascript\"> \nfunction generateroom(y) {\n    var x = document.getElementById(\"framabutton\");\n    x.href = \"https:\/\/conference.facil.services\/\" + y;\n    if (y.length == 15) {\n      x.style.visibility = \"visible\";\n    }\n}\n<\/script>\n<\/div><\/div>\n\n\n\n<p><\/p>\n","protected":false},"excerpt":{"rendered":"<p>Limite La t\u00e9l\u00e9m\u00e9decine ne permet pas une bonne prise en charge m\u00e9dicale. Elle limite l&rsquo;examen. Elle est source d&rsquo;erreur et d&rsquo;omission. Rien ne remplace l&rsquo;\u0153il exerc\u00e9 du m\u00e9decin et son examen clinique. Votre m\u00e9decin n&rsquo;est pas un partisan de la t\u00e9l\u00e9m\u00e9decine mais reconna\u00eet son utilit\u00e9 dans certains cas Dans ce contexte, au cas par cas,&hellip; <br \/> <a class=\"read-more\" href=\"https:\/\/cabinetmedicaloctroi.fr\/index.php\/teleconsultation\/\">Lire la suite<\/a><\/p>\n","protected":false},"author":1,"featured_media":0,"parent":0,"menu_order":0,"comment_status":"closed","ping_status":"open","template":"","meta":{"footnotes":""},"class_list":["post-2","page","type-page","status-publish","hentry"],"_links":{"self":[{"href":"https:\/\/cabinetmedicaloctroi.fr\/index.php\/wp-json\/wp\/v2\/pages\/2"}],"collection":[{"href":"https:\/\/cabinetmedicaloctroi.fr\/index.php\/wp-json\/wp\/v2\/pages"}],"about":[{"href":"https:\/\/cabinetmedicaloctroi.fr\/index.php\/wp-json\/wp\/v2\/types\/page"}],"author":[{"embeddable":true,"href":"https:\/\/cabinetmedicaloctroi.fr\/index.php\/wp-json\/wp\/v2\/users\/1"}],"replies":[{"embeddable":true,"href":"https:\/\/cabinetmedicaloctroi.fr\/index.php\/wp-json\/wp\/v2\/comments?post=2"}],"version-history":[{"count":73,"href":"https:\/\/cabinetmedicaloctroi.fr\/index.php\/wp-json\/wp\/v2\/pages\/2\/revisions"}],"predecessor-version":[{"id":197,"href":"https:\/\/cabinetmedicaloctroi.fr\/index.php\/wp-json\/wp\/v2\/pages\/2\/revisions\/197"}],"wp:attachment":[{"href":"https:\/\/cabinetmedicaloctroi.fr\/index.php\/wp-json\/wp\/v2\/media?parent=2"}],"curies":[{"name":"wp","href":"https:\/\/api.w.org\/{rel}","templated":true}]}}