{"id":167,"date":"2021-02-06T21:47:33","date_gmt":"2021-02-06T20:47:33","guid":{"rendered":"http:\/\/cabinetmedicaloctroi.fr\/?page_id=167"},"modified":"2024-10-16T17:14:44","modified_gmt":"2024-10-16T15:14:44","slug":"ordo-infirmier","status":"publish","type":"page","link":"https:\/\/cabinetmedicaloctroi.fr\/index.php\/ordo-infirmier\/","title":{"rendered":"Ordonnance infirmier"},"content":{"rendered":"\n<p>formulaire r\u00e9serv\u00e9 aux infirmiers : <\/p>\n\n\n\n<div class=\"wpcf7 no-js\" id=\"wpcf7-f201-o1\" lang=\"fr-FR\" dir=\"ltr\">\n<div class=\"screen-reader-response\"><p role=\"status\" aria-live=\"polite\" aria-atomic=\"true\"><\/p> <ul><\/ul><\/div>\n<form action=\"\/index.php\/wp-json\/wp\/v2\/pages\/167#wpcf7-f201-o1\" method=\"post\" class=\"wpcf7-form init\" aria-label=\"Formulaire de contact\" novalidate=\"novalidate\" data-status=\"init\">\n<div style=\"display: none;\">\n<input type=\"hidden\" name=\"_wpcf7\" value=\"201\" \/>\n<input type=\"hidden\" name=\"_wpcf7_version\" value=\"5.9.8\" \/>\n<input type=\"hidden\" name=\"_wpcf7_locale\" value=\"fr_FR\" \/>\n<input type=\"hidden\" name=\"_wpcf7_unit_tag\" value=\"wpcf7-f201-o1\" \/>\n<input type=\"hidden\" name=\"_wpcf7_container_post\" value=\"0\" \/>\n<input type=\"hidden\" name=\"_wpcf7_posted_data_hash\" value=\"\" \/>\n<input type=\"hidden\" name=\"redirect_nonce\" value=\"032c82fe09\" \/>\n<input type=\"hidden\" name=\"wpcf7cfpdf_hidden_name\" value=\"document-pdf\" \/>\n<input type=\"hidden\" name=\"wpcf7cfpdf_hidden_reference\" value=\"4bf900fd\" \/>\n<input type=\"hidden\" name=\"wpcf7cfpdf_hidden_date\" value=\"16avril2026\" \/>\n<\/div>\n<p><label> nom du patient<br \/>\n<span class=\"wpcf7-form-control-wrap\" data-name=\"patient-name\"><input size=\"40\" maxlength=\"400\" class=\"wpcf7-form-control wpcf7-text wpcf7-validates-as-required\" autocomplete=\"name\" aria-required=\"true\" aria-invalid=\"false\" value=\"\" type=\"text\" name=\"patient-name\" \/><\/span> <\/label>\n<\/p>\n<p><label> date de naissance du patient (obligatoire, merci de bien v\u00e9rifier)<br \/>\n<span class=\"wpcf7-form-control-wrap\" data-name=\"date_23\"><input class=\"wpcf7-form-control wpcf7-date wpcf7-validates-as-required wpcf7-validates-as-date\" max=\"2026-04-16\" aria-required=\"true\" aria-invalid=\"false\" value=\"\" type=\"date\" name=\"date_23\" \/><\/span> <\/label>\n<\/p>\n<p><label> nom du M\u00e9decin<br \/>\n<span class=\"wpcf7-form-control-wrap\" data-name=\"menu-349\"><select class=\"wpcf7-form-control wpcf7-select wpcf7-validates-as-required\" aria-required=\"true\" aria-invalid=\"false\" name=\"menu-349\"><option value=\"Dr Francois-Maxence LE GUERLEDAN\">Dr Francois-Maxence LE GUERLEDAN<\/option><option value=\"Dr Florent MAILLOUX\">Dr Florent MAILLOUX<\/option><option value=\"Dr Camille LOUZEAU\">Dr Camille LOUZEAU<\/option><option value=\"Dr Anne-claire SOUCACHET\">Dr Anne-claire SOUCACHET<\/option><\/select><\/span> <\/label>\n<\/p>\n<p><label> prise en charge<br \/>\n<span class=\"wpcf7-form-control-wrap\" data-name=\"menu-350\"><select class=\"wpcf7-form-control wpcf7-select wpcf7-validates-as-required\" aria-required=\"true\" aria-invalid=\"false\" name=\"menu-350\"><option value=\"hors_ald\">hors_ald<\/option><option value=\"ald\">ald<\/option><\/select><\/span> <\/label>\n<\/p>\n<p><label> Votre e-mail ou fax<br \/>\n<span class=\"wpcf7-form-control-wrap\" data-name=\"your-mail\"><input size=\"40\" maxlength=\"400\" class=\"wpcf7-form-control wpcf7-text wpcf7-validates-as-required\" aria-required=\"true\" aria-invalid=\"false\" value=\"\" type=\"text\" name=\"your-mail\" \/><\/span> <\/label>\n<\/p>\n<p><label> date de l ordonnance<br \/>\n<span class=\"wpcf7-form-control-wrap\" data-name=\"date-588\"><input class=\"wpcf7-form-control wpcf7-date wpcf7-validates-as-required wpcf7-validates-as-date\" max=\"2026-04-16\" aria-required=\"true\" aria-invalid=\"false\" value=\"\" type=\"date\" name=\"date-588\" \/><\/span> <\/label>\n<\/p>\n<p><label> contenu de l'ordonnance (contenue type)<br \/>\n<span class=\"wpcf7-form-control-wrap\" data-name=\"menu-297\"><select class=\"wpcf7-form-control wpcf7-select\" aria-invalid=\"false\" name=\"menu-297\"><option value=\"\"><\/option><option value=\"Faire pratiquer par IDE \u00e0 domicile un bilan de soins infirmiers\">Faire pratiquer par IDE \u00e0 domicile un bilan de soins infirmiers<\/option><option value=\"Faire pratiquer par IDE \u00e0 domicile une administration et une surveillance d\u2019une th\u00e9rapeutique orale \u00e0 domicile chez un patient pr\u00e9sentant des troubles psychiatriques ou cognitifs\">Faire pratiquer par IDE \u00e0 domicile une administration et une surveillance d\u2019une th\u00e9rapeutique orale \u00e0 domicile chez un patient pr\u00e9sentant des troubles psychiatriques ou cognitifs<\/option><option value=\"Faire pratiquer par IDE \u00e0 domicile une administration et une surveillance d\u2019une th\u00e9rapeutique orale \u00e0 domicile conform\u00e9ment \u00e0 l\u2019article 10 NGAP des soins in\ufb01rmiers (n\u00e9cessite entente pr\u00e9alable dans les 2 mois)\">Faire pratiquer par IDE \u00e0 domicile une administration et une surveillance d\u2019une th\u00e9rapeutique orale \u00e0 domicile conform\u00e9ment \u00e0 l\u2019article 10 NGAP des soins in\ufb01rmiers (n\u00e9cessite entente pr\u00e9alable dans les 2 mois)<\/option><option value=\"Faire pratiquer par IDE \u00e0 domicile une administration et une surveillance d\u2019une th\u00e9rapeutique orale \u00e0 domicile chez un patient ne pr\u00e9sentant PAS de troubles psychiatriques ou cognitifs (non rembours\u00e9)\">Faire pratiquer par IDE \u00e0 domicile une administration et une surveillance d\u2019une th\u00e9rapeutique orale \u00e0 domicile chez un patient ne pr\u00e9sentant PAS de troubles psychiatriques ou cognitifs (non rembours\u00e9)<\/option><option value=\"Faire pratiquer par IDE \u00e0 domicile un accompagnement \u00e0 la prise m\u00e9dicamenteuse (3 s\u00e9ances limit\u00e9 \u00e0 1 mois)\">Faire pratiquer par IDE \u00e0 domicile un accompagnement \u00e0 la prise m\u00e9dicamenteuse (3 s\u00e9ances limit\u00e9 \u00e0 1 mois)<\/option><option value=\"Faire pratiquer par IDE \u00e0 domicile une surveillance et une observation d\u2019un patient lors de la mise en \u0153uvre d\u2019un traitement (maximum 15 s\u00e9ances)\">Faire pratiquer par IDE \u00e0 domicile une surveillance et une observation d\u2019un patient lors de la mise en \u0153uvre d\u2019un traitement (maximum 15 s\u00e9ances)<\/option><option value=\"Faire pratiquer par IDE \u00e0 domicile une surveillance et une observation d\u2019un patient lors de la modification d\u2019un traitement (maximum 15 s\u00e9ances)\">Faire pratiquer par IDE \u00e0 domicile une surveillance et une observation d\u2019un patient lors de la modification d\u2019un traitement (maximum 15 s\u00e9ances)<\/option><option value=\"Faire pratiquer par IDE \u00e0 domicile une pose de bas ou de bandes de compression (non rembours\u00e9)\">Faire pratiquer par IDE \u00e0 domicile une pose de bas ou de bandes de compression (non rembours\u00e9)<\/option><option value=\"Faire pratiquer par IDE \u00e0 domicile une prise de tension art\u00e9rielle (non rembours\u00e9)\">Faire pratiquer par IDE \u00e0 domicile une prise de tension art\u00e9rielle (non rembours\u00e9)<\/option><option value=\"Faire pratiquer par IDE \u00e0 domicile une s\u00e9ance hebdomadaire de surveillance clinique et de pr\u00e9vention pour un patient insulinotrait\u00e9 de plus de 75 ans.\">Faire pratiquer par IDE \u00e0 domicile une s\u00e9ance hebdomadaire de surveillance clinique et de pr\u00e9vention pour un patient insulinotrait\u00e9 de plus de 75 ans.<\/option><option value=\"Faire pratiquer par IDE \u00e0 domicile une surveillance, observation du patient et adaptation des doses d&#039;insuline en fonction du protocole et du contr\u00f4le extemporan\u00e9 de la glyc\u00e9mie.\">Faire pratiquer par IDE \u00e0 domicile une surveillance, observation du patient et adaptation des doses d&#039;insuline en fonction du protocole et du contr\u00f4le extemporan\u00e9 de la glyc\u00e9mie.<\/option><option value=\"Faire pratiquer par IDE \u00e0 domicile une injection d&#039;insuline sous-cutan\u00e9e :\">Faire pratiquer par IDE \u00e0 domicile une injection d&#039;insuline sous-cutan\u00e9e :<\/option><option value=\"Faire pratiquer par IDE \u00e0 domicile un changement de sonde urinaire \u00e0 demeure, chez une femme\">Faire pratiquer par IDE \u00e0 domicile un changement de sonde urinaire \u00e0 demeure, chez une femme<\/option><\/select><\/span> <\/label>\n<\/p>\n<p><label>contenu personnalis\u00e9 (laisser vide la case au dessus)<br \/>\n<span class=\"wpcf7-form-control-wrap\" data-name=\"textarea-524\"><textarea cols=\"40\" rows=\"10\" maxlength=\"2000\" class=\"wpcf7-form-control wpcf7-textarea\" aria-invalid=\"false\" name=\"textarea-524\"><\/textarea><\/span><\/label>\n<\/p>\n<p><label> nombre de fois (si concern\u00e9)<br \/>\n<span class=\"wpcf7-form-control-wrap\" data-name=\"menu-118\"><select class=\"wpcf7-form-control wpcf7-select\" aria-invalid=\"false\" name=\"menu-118\"><option value=\"\"><\/option><option value=\"1 fois par jour, tous les jours (dimanche et jours f\u00e9ri\u00e9s inclus)\">1 fois par jour, tous les jours (dimanche et jours f\u00e9ri\u00e9s inclus)<\/option><option value=\"2 fois par jour, tous les jours (dimanche et jours f\u00e9ri\u00e9s inclus)\">2 fois par jour, tous les jours (dimanche et jours f\u00e9ri\u00e9s inclus)<\/option><option value=\"3 fois par jour, tous les jours (dimanche et jours f\u00e9ri\u00e9s inclus)\">3 fois par jour, tous les jours (dimanche et jours f\u00e9ri\u00e9s inclus)<\/option><option value=\"1 fois par semaine (f\u00e9ri\u00e9s inclus si n\u00e9cessaire)\">1 fois par semaine (f\u00e9ri\u00e9s inclus si n\u00e9cessaire)<\/option><option value=\"2 fois par semaine (f\u00e9ri\u00e9s inclus si n\u00e9cessaire)\">2 fois par semaine (f\u00e9ri\u00e9s inclus si n\u00e9cessaire)<\/option><option value=\"3 fois par semaine (f\u00e9ri\u00e9s inclus si n\u00e9cessaire)\">3 fois par semaine (f\u00e9ri\u00e9s inclus si n\u00e9cessaire)<\/option><option value=\"4 fois par semaine (f\u00e9ri\u00e9s inclus si n\u00e9cessaire)\">4 fois par semaine (f\u00e9ri\u00e9s inclus si n\u00e9cessaire)<\/option><option value=\"5 fois par semaine (f\u00e9ri\u00e9s inclus si n\u00e9cessaire)\">5 fois par semaine (f\u00e9ri\u00e9s inclus si n\u00e9cessaire)<\/option><\/select><\/span> <\/label>\n<\/p>\n<p><span class=\"wpcf7-form-control-wrap\" data-name=\"quiz-776\"><label><span class=\"wpcf7-quiz-label\">question de s\u00e9curit\u00e9 ?<\/span> <input size=\"40\" class=\"wpcf7-form-control wpcf7-quiz\" autocomplete=\"off\" aria-required=\"true\" aria-invalid=\"false\" type=\"text\" name=\"quiz-776\" \/><\/label><input type=\"hidden\" name=\"_wpcf7_quiz_answer_quiz-776\" value=\"3e9d2dcbbb4161d95228cc636f3d36b3\" \/><\/span>\n<\/p>\n<p><label> dur\u00e9e<br \/>\n<span class=\"wpcf7-form-control-wrap\" data-name=\"text-545\"><input size=\"40\" maxlength=\"400\" class=\"wpcf7-form-control wpcf7-text wpcf7-validates-as-required\" aria-required=\"true\" aria-invalid=\"false\" placeholder=\"3 mois\" value=\"\" type=\"text\" name=\"text-545\" \/><\/span><\/label>\n<\/p>\n<p><input class=\"wpcf7-form-control wpcf7-submit has-spinner\" type=\"submit\" value=\"Envoyer\" \/>\n<\/p><div class=\"wpcf7-response-output\" aria-hidden=\"true\"><\/div>\n<\/form>\n<\/div>\n\n","protected":false},"excerpt":{"rendered":"<p>formulaire r\u00e9serv\u00e9 aux infirmiers :<\/p>\n","protected":false},"author":1,"featured_media":0,"parent":0,"menu_order":0,"comment_status":"closed","ping_status":"closed","template":"","meta":{"footnotes":""},"class_list":["post-167","page","type-page","status-publish","hentry"],"_links":{"self":[{"href":"https:\/\/cabinetmedicaloctroi.fr\/index.php\/wp-json\/wp\/v2\/pages\/167"}],"collection":[{"href":"https:\/\/cabinetmedicaloctroi.fr\/index.php\/wp-json\/wp\/v2\/pages"}],"about":[{"href":"https:\/\/cabinetmedicaloctroi.fr\/index.php\/wp-json\/wp\/v2\/types\/page"}],"author":[{"embeddable":true,"href":"https:\/\/cabinetmedicaloctroi.fr\/index.php\/wp-json\/wp\/v2\/users\/1"}],"replies":[{"embeddable":true,"href":"https:\/\/cabinetmedicaloctroi.fr\/index.php\/wp-json\/wp\/v2\/comments?post=167"}],"version-history":[{"count":13,"href":"https:\/\/cabinetmedicaloctroi.fr\/index.php\/wp-json\/wp\/v2\/pages\/167\/revisions"}],"predecessor-version":[{"id":218,"href":"https:\/\/cabinetmedicaloctroi.fr\/index.php\/wp-json\/wp\/v2\/pages\/167\/revisions\/218"}],"wp:attachment":[{"href":"https:\/\/cabinetmedicaloctroi.fr\/index.php\/wp-json\/wp\/v2\/media?parent=167"}],"curies":[{"name":"wp","href":"https:\/\/api.w.org\/{rel}","templated":true}]}}