{"id":12,"date":"2020-03-07T10:09:49","date_gmt":"2020-03-07T09:09:49","guid":{"rendered":"http:\/\/cabinetmedicaloctroi.fr\/index.php\/mesmerize\/"},"modified":"2024-10-18T12:31:35","modified_gmt":"2024-10-18T10:31:35","slug":"mesmerize","status":"publish","type":"page","link":"https:\/\/cabinetmedicaloctroi.fr\/","title":{"rendered":"Le cabinet"},"content":{"rendered":"<div  id=\"clients-1\" class=\"clients-1 content-section content-section-spacing\" style=\"background-image: none; background-color: #f5fafd;\" data-label=\"Clients\" data-id=\"clients--1\" data-category=\"clients\" data-export-id=\"clients-1\">\n<div  class=\"gridContainer\">\n<div  class=\"row middle-sm\">\n<div  class=\"col-sm-6 space-bottom-xs\" data-type=\"column\">\n<h2  class=\"font-700\">T\u00e9l\u00e9consultation<\/h2>\n<p  class=\"lead\">Dans certains cas et sur rendez vous pr\u00e9alable aupr\u00e8s du secr\u00e9tariat nous avons mis en place des outils pour permettre la t\u00e9l\u00e9consultation<\/p>\n\n<\/div>\n<div  class=\"col-sm-6\">\n<div  class=\"row spaced-cols center-xs padding-lr\" data-type=\"row\">\n<div  class=\"col-xs-3\"><a class=\"button blue\" href=\"https:\/\/cabinetmedicaloctroi.fr\/index.php\/teleconsultation\" target=\"_self\" rel=\"noopener\" data-cp-link=\"1\">T\u00e9l\u00e9consulter<\/a><\/div>\n<\/div>\n<\/div>\n<\/div>\n<\/div>\n<\/div><div  id=\"features-3\" class=\"features-12-card-bordered content-section content-section-spacing \" style=\"background-color: #ffffff;\" data-label=\"Features\" data-id=\"features-12-card-bordered\" data-category=\"features\" data-export-id=\"features-12-card-bordered\">\n<div  class=\"gridContainer\">\n<div  class=\"row text-center\">\n<div  class=\"section-title-col\" data-type=\"column\">\n<h2  class=\"\">Le Cabinet m\u00e9dical<\/h2>\n<p  class=\"lead\">Le cabinet de l\u2019octroi, situ\u00e9 au 165 rue Jean Jaur\u00e8s \u00e0 Brest, regroupe 4 m\u00e9decins g\u00e9n\u00e9ralistes. Il est ouvert du lundi au samedi matin sur rendez-vous uniquement.<\/p>\n\n<\/div>\n<\/div>\n<div  class=\"row spaced-cols\" data-type=\"row\">\n<div  class=\"col-sm-6\">\n<div  class=\"card row-card bordered y-move\">\n<div  class=\"row\">\n<div  class=\"col-sm-fit icon-column\" data-preview-empty=\"1\"><\/div>\n<div  class=\"col-sm\" data-type=\"column\">\n<h5  class=\"color2\">Dr Le Guerledan<\/h5>\nM\u00e9decin sp\u00e9cialiste en m\u00e9decine g\u00e9n\u00e9rale\n\n<a class=\"button blue\" href=\"#rendezvous\" target=\"_self\" rel=\"noopener noreferrer\" data-cp-link=\"1\">Prendre rendez vous<\/a>\n\n<\/div>\n<\/div>\n<\/div>\n<\/div>\n<div  class=\"col-sm-6\">\n<div  class=\"card row-card bordered y-move\">\n<div  class=\"row\">\n<div  class=\"col-sm-fit icon-column\" data-preview-empty=\"1\"><\/div>\n<div  class=\"col-sm\" data-type=\"column\">\n<h5  class=\"color2\">Dr Louzeau<\/h5>\nM\u00e9decin sp\u00e9cialiste en m\u00e9decine g\u00e9n\u00e9rale\n\n<a class=\"button blue\" href=\"#rendezvous\" target=\"_self\" rel=\"noopener noreferrer\" data-cp-link=\"1\">Prendre rendez vous<\/a>\n\n<\/div>\n<\/div>\n<\/div>\n<\/div>\n<div  class=\"col-sm-6\">\n<div  class=\"card row-card bordered y-move\">\n<div  class=\"row\">\n<div  class=\"col-sm-fit icon-column\" data-preview-empty=\"1\"><\/div>\n<div  class=\"col-sm\" data-type=\"column\">\n<h5  class=\"color2\">Dr Mailloux<\/h5>\nM\u00e9decin sp\u00e9cialiste en m\u00e9decine g\u00e9n\u00e9rale\n\nM\u00e9decin Agr\u00e9\u00e9\n\n<a class=\"button blue\" href=\"#rendezvous\" target=\"_self\" rel=\"noopener\" data-cp-link=\"1\">Prendre rendez vous<\/a>\n\n<\/div>\n<\/div>\n<\/div>\n<\/div>\n<div  class=\"col-sm-6\">\n<div  class=\"card row-card bordered y-move\">\n<div  class=\"row\">\n<div  class=\"col-sm-fit icon-column\" data-preview-empty=\"1\"><\/div>\n<div  class=\"col-sm\" data-type=\"column\">\n<h5  class=\"color2\">Dr Soucachet<\/h5>\nM\u00e9decin sp\u00e9cialiste en m\u00e9decine g\u00e9n\u00e9rale\n\n<a class=\"button blue\" href=\"#rendezvous\" target=\"_self\" rel=\"noopener\" data-cp-link=\"1\">Prendre rendez vous<\/a>\n\n<\/div>\n<\/div>\n<\/div>\n<\/div>\n<\/div>\n<\/div>\n<\/div><div  id=\"rendezvous\" class=\"content-2 content-section content-section-spacing\" style=\"background-color: #f5fafd;\" data-label=\"rendezvous\" data-id=\"content-2\" data-category=\"content\" data-export-id=\"content-2\">\n<div >\n<div  class=\"row middle-xs\">\n<div  class=\"col-sm-5 bg-image shadow-large-black\" data-bg=\"image\"><\/div>\n<div  class=\"col-sm-7 full-col-left-padding full-col-right-padding\">\n<div  class=\"row\">\n<div  class=\"space-bottom-small content-title-col\" data-type=\"column\">\n<h2  class=\"\">Prendre rendez vous<\/h2>\nle cabinet est situ\u00e9 aux 165 rue Jean Jaures \u00e0 Brest, pr\u00e8s de l\u2019arr\u00eat de tram octroi et du parking de kerfeutras\n\n<\/div>\n<\/div>\n<div  class=\"row spaced-cols \" data-type=\"row\">\n<div  class=\"col-xs-6\" data-type=\"column\">\n<h5  class=\"\">HORAIRES<\/h5>\nDu lundi au samedi matin. de 8h45 \u00e0 12h et de 13h45 \u00e0 18H30.\n\nSecr\u00e9tariat sur place.\n\n<\/div>\n<div  class=\"col-xs-6\" data-type=\"column\">\n<h5  class=\"\">TRANSPORTS EN COMMUN<\/h5>\nArr\u00eat de tram : Octroi.\n\nArr\u00eat de bus : Octroi\n\n<\/div>\n<div  class=\"col-xs-6\" data-type=\"column\">\n<h5  class=\"\">TELEPHONE<\/h5>\n02 98 44 63 25\n\n<\/div>\n<div  class=\"col-xs-6\" data-type=\"column\">\n<h5  class=\"\">PARKING A PROXIMIT\u00c9<\/h5>\nParking de kerfeutras\n\n<\/div>\n<\/div>\n<\/div>\n<\/div>\n<\/div>\n<\/div><div  id=\"coronavirus\" class=\"cta-blue-section content-section content-section-spacing-medium bg-color1 white-text\" data-label=\"coronavirus\" data-id=\"cta--1\" data-category=\"cta\" data-export-id=\"cta-blue-section\">\n<div  class=\"gridContainer\">\n<div  class=\"row middle-xs\">\n<div  class=\"col-sm-8 space-bottom-xs\" data-type=\"column\">\n<h2  class=\"\">ALERTE CORONAVIRUS !<\/h2>\nDevant la propagation du coronavirus dans le finist\u00e8re.\n\nNous demandons \u00e0 nos patients qui toussent, ou pr\u00e9sentent de la fi\u00e8vre \/ frissons \/ sueurs de porter un masque au sein du cabinet\n\n<\/div>\n<div  class=\"col-sm-4 end-sm\" data-type=\"column\"><a class=\"button color2\" href=\"https:\/\/www.gouvernement.fr\/info-coronavirus\" target=\"_blank\" rel=\"noopener\" data-cp-link=\"1\">PLUS D\u2019INFORMATIONS SUR LE CORONAVIRUS<\/a><\/div>\n<\/div>\n<\/div>\n<\/div>","protected":false},"excerpt":{"rendered":"<p>T\u00e9l\u00e9consultation Dans certains cas et sur rendez vous pr\u00e9alable aupr\u00e8s du secr\u00e9tariat nous avons mis en place des outils pour permettre la t\u00e9l\u00e9consultation T\u00e9l\u00e9consulter Le Cabinet m\u00e9dical Le cabinet de l\u2019octroi, situ\u00e9 au 165 rue Jean Jaur\u00e8s \u00e0 Brest, regroupe 4 m\u00e9decins g\u00e9n\u00e9ralistes. Il est ouvert du lundi au samedi matin sur rendez-vous uniquement. Dr&hellip; <br \/> <a class=\"read-more\" href=\"https:\/\/cabinetmedicaloctroi.fr\/\">Lire la suite<\/a><\/p>\n","protected":false},"author":1,"featured_media":0,"parent":0,"menu_order":0,"comment_status":"closed","ping_status":"closed","template":"page-templates\/homepage.php","meta":{"footnotes":""},"class_list":["post-12","page","type-page","status-publish","hentry"],"_links":{"self":[{"href":"https:\/\/cabinetmedicaloctroi.fr\/index.php\/wp-json\/wp\/v2\/pages\/12"}],"collection":[{"href":"https:\/\/cabinetmedicaloctroi.fr\/index.php\/wp-json\/wp\/v2\/pages"}],"about":[{"href":"https:\/\/cabinetmedicaloctroi.fr\/index.php\/wp-json\/wp\/v2\/types\/page"}],"author":[{"embeddable":true,"href":"https:\/\/cabinetmedicaloctroi.fr\/index.php\/wp-json\/wp\/v2\/users\/1"}],"replies":[{"embeddable":true,"href":"https:\/\/cabinetmedicaloctroi.fr\/index.php\/wp-json\/wp\/v2\/comments?post=12"}],"version-history":[{"count":30,"href":"https:\/\/cabinetmedicaloctroi.fr\/index.php\/wp-json\/wp\/v2\/pages\/12\/revisions"}],"predecessor-version":[{"id":220,"href":"https:\/\/cabinetmedicaloctroi.fr\/index.php\/wp-json\/wp\/v2\/pages\/12\/revisions\/220"}],"wp:attachment":[{"href":"https:\/\/cabinetmedicaloctroi.fr\/index.php\/wp-json\/wp\/v2\/media?parent=12"}],"curies":[{"name":"wp","href":"https:\/\/api.w.org\/{rel}","templated":true}]}}